{"id":21,"date":"2026-01-21T09:45:45","date_gmt":"2026-01-21T08:45:45","guid":{"rendered":"https:\/\/test.proservicekoeln.de\/?page_id=21"},"modified":"2026-02-17T16:59:39","modified_gmt":"2026-02-17T15:59:39","slug":"impressum","status":"publish","type":"page","link":"https:\/\/test.proservicekoeln.de\/?page_id=21","title":{"rendered":"Impressum"},"content":{"rendered":"\t\t<div data-elementor-type=\"wp-page\" data-elementor-id=\"21\" class=\"elementor elementor-21\">\n\t\t\t\t<div class=\"elementor-element elementor-element-702415b e-flex e-con-boxed wpr-particle-no wpr-jarallax-no wpr-parallax-no wpr-sticky-section-no wpr-equal-height-no e-con e-parent\" data-id=\"702415b\" data-element_type=\"container\" data-e-type=\"container\">\n\t\t\t\t\t<div class=\"e-con-inner\">\n\t\t\t\t<div class=\"elementor-element elementor-element-90c1596 elementor-widget elementor-widget-heading\" data-id=\"90c1596\" data-element_type=\"widget\" data-e-type=\"widget\" data-widget_type=\"heading.default\">\n\t\t\t\t\t<h2 class=\"elementor-heading-title elementor-size-default\">impressum<\/h2>\t\t\t\t<\/div>\n\t\t\t\t<div class=\"elementor-element elementor-element-d4ebd59 elementor-widget elementor-widget-text-editor\" data-id=\"d4ebd59\" data-element_type=\"widget\" data-e-type=\"widget\" data-widget_type=\"text-editor.default\">\n\t\t\t\t\t\t\t\t\t<p class=\"p1\"><b>ProService Versicherungsmakler GmbH<\/b><\/p><p class=\"p1\">Stolkgasse 25-45<br \/>50667 K\u00f6ln<\/p><p class=\"p1\">Tel.: 0221 931 254 &#8211; 0<br \/><span style=\"font-family: -apple-system, BlinkMacSystemFont, 'Segoe UI', Roboto, 'Helvetica Neue', Arial, 'Noto Sans', sans-serif, 'Apple Color Emoji', 'Segoe UI Emoji', 'Segoe UI Symbol', 'Noto Color Emoji';\">Fax: 0221 931 254 &#8211; 14<\/span><\/p><p class=\"p1\">E-Mail: mail@proservicekoeln.de<\/p><p class=\"p1\">Gesellschaftsform: GmbH, HRB 34974 eingetragen beim Amtsgericht K\u00f6ln<\/p><p class=\"p1\">Gesch\u00e4ftsf\u00fchrung: Sebastian Fehr, J\u00f6rg Funck<\/p><p class=\"p1\">Steuer ID Nummer: DE 215 406 191<\/p><p class=\"p1\"><b>Inhalt<\/b><\/p><p class=\"p1\">ProService ist bem\u00fcht, den Inhalt dieser Website richtig, vollst\u00e4ndig und aktuell zu gestalten und regelm\u00e4\u00dfig anzupassen. Die Haftung f\u00fcr die Aktualit\u00e4t, Richtigkeit, Vollst\u00e4ndigkeit oder Qualit\u00e4t der Website ist jedoch ausgeschlossen. ProService beh\u00e4lt es sich vor, jederzeit den Inhalt der Website zu ver\u00e4ndern, zu erg\u00e4nzen, zu l\u00f6schen oder die Ver\u00f6ffentlichung einzustellen.<\/p><p class=\"p2\"><span style=\"font-size: 1rem;\">\u00a0<\/span><\/p><p class=\"p2\"><span style=\"font-size: 1rem;\"><b>Bildnachweis<\/b><\/span><\/p><p class=\"p1\"><span style=\"font-size: 1rem;\">Istockphoto<\/span><\/p><p>\u00a0<\/p><p class=\"p1\"><b>L<span style=\"font-size: 1rem;\">inks zu anderen Seiten<\/span><\/b><\/p><p class=\"p1\">ProService ist f\u00fcr die &#8222;eigenen Inhalte&#8220; dieser Website nach den vorstehenden Regelungen und dar\u00fcber hinaus nach den allgemeinen Gesetzen verantwortlich. Von diesen eigenen Inhalten sind links auf die Websites Dritter zu unterscheiden. F\u00fcr den Inhalt der Websites, die aufgrund einer solchen Verbindung erreicht werden, ist ProService nicht verantwortlich.<\/p><p class=\"p1\"><b>Verg\u00fctung der Versicherungsvermittlung<\/b><\/p><p class=\"p1\">ProService wird durch den Versicherer bei erfolgreicher Versicherungsvermittlung in Form einer Courtage verg\u00fctet.<\/p><p class=\"p1\"><b>Statusinformationen gem\u00e4\u00df Par. 11 Versicherungsvermittlungsverordnung<\/b><\/p><p class=\"p1\">Die ProService Versicherungsmakler GmbH ist als Versicherungsmakler mit einer Erlaubnis nach 34d Abs. 1 der Gewerbeordnung registriert.<\/p><p class=\"p1\">ProService h\u00e4lt keine direkte oder indirekte Beteiligung von \u00fcber 10% an den Stimmrechten oder am Kapital eines Versicherungsunternehmens.<\/p><p class=\"p1\"><b>Zust\u00e4ndige Registerstelle des Vermittlerregisters und Registernummer<\/b><\/p><p class=\"p1\">Registerstelle:<\/p><p class=\"p1\"><span style=\"font-size: 1rem;\">Industrie- und Handelskammer zu K\u00f6ln<br \/><\/span><span style=\"font-size: 1rem;\">Unter Sachsenhausen 10-26, 50667 K\u00f6ln<br \/><\/span><span style=\"font-size: 1rem;\">Tel. 0221 \/ 16 40 &#8211; 0<br \/><\/span><span style=\"font-size: 1rem;\">Web: www.ihk-koeln.de<\/span><\/p><p class=\"p1\"><span style=\"font-size: 1rem;\">\u00a0<\/span><\/p><p class=\"p1\"><b>Versicherungsvermittlerregister gem. \u00a7 11a Gewerbeordnung<\/b><\/p><p class=\"p1\">Registernummer: D-1EB0 79259-35<br \/><span style=\"font-size: 1rem;\">Datum der Eintragung: 07.07.2007<br \/><\/span><span style=\"font-size: 1rem;\">Land der Zulassung: Deutschland<br \/><\/span><span style=\"font-size: 1rem;\">Status: Versicherungsmakler mit Erlaubnis nach \u00a7 34d Abs. 1 GewO<br \/><\/span><span style=\"font-size: 1rem;\">Gesetzlicher Vertreter: Sebastian Fehr (Gesch\u00e4ftsf\u00fchrer)<\/span><\/p><p class=\"p1\"><span style=\"font-size: 1rem;\">\u00a0<\/span><\/p><p class=\"p1\"><b>Registerf\u00fchrende gemeinsame Stelle<\/b><\/p><p class=\"p1\">Deutsche Industrie- und Handelskammer<br \/><span style=\"font-size: 1rem;\">K\u00f6rperschaft des \u00f6ffentlichen Rechts<br \/><\/span><span style=\"font-size: 1rem;\">Breite Stra\u00dfe 29, 10178 Berlin<br \/><\/span><span style=\"font-size: 1rem;\">Tel. 0180 \/ 600 585 0 (0,20\u20ac \/ Anruf)<br \/><\/span><span style=\"font-size: 1rem;\">Web: www.vermittlerregister.org bzw. www.vermittlerregister.info<\/span><\/p><p class=\"p1\"><b>Zust\u00e4ndige Schlichtungsstelle<\/b><\/p><p class=\"p1\">Versicherungsombudsmann e.V.<br \/><span style=\"font-size: 1rem;\">Postfach 080632, 10006 Berlin<br \/><\/span><span style=\"font-size: 1rem;\">Web: www.versicherungsombudsmann.de<br \/><\/span><span style=\"font-size: 1rem;\">Email: beschwerde@versicherungsombudsmann.de<\/span><\/p><p class=\"p2\"><span style=\"font-size: 1rem;\">\u00a0<\/span><\/p><p class=\"p2\"><span style=\"font-size: 1rem;\"><b>Beteiligungsverh\u00e4ltnisse i.S.d. \u00a7 11 Versicherungsvermittlungsverordnung<\/b><\/span><\/p><p class=\"p1\">Die Provinzial Holding Aktiengesellschaft h\u00e4lt direkt mehr als 10% der Anteile der\u00a0<span style=\"font-size: 1rem;\">ProService Versicherungsmakler GmbH<\/span><\/p><p class=\"p1\"><strong>Informationen \u00fcber Nachhaltigkeitsrisiken bei Finanzprodukten <\/strong><\/p><p class=\"p1\"><span style=\"text-decoration: underline;\">Was sind Nachhaltigkeitsrisiken?<\/span><\/p><p class=\"p1\">Als Nachhaltigkeitsrisiken (ESG-Risiken) werden Ereignisse oder Bedingungen aus den drei Bereichen Umwelt (Environment), Soziales (Social) und Unternehmensf\u00fchrung (Governance) bezeichnet, deren Eintreten negative Auswirkungen auf den Wert der Investition bzw. Anlage haben k\u00f6nnten. Diese Risiken k\u00f6nnen einzelne Unternehmen genauso wie ganze Branchen oder Regionen betreffen.<\/p><p class=\"p1\"><span style=\"text-decoration: underline;\">Was gibt es f\u00fcr Beispiele f\u00fcr Nachhaltigkeitsrisiken in den drei Bereichen?<\/span><\/p><p class=\"p1\"><span class=\"s1\">\u2022 <\/span>Umwelt: In Folge des Klimawandels k\u00f6nnten vermehrt auftretende Extremwetterereignisse ein Risiko darstellen. Dieses Risiko wird auch physisches Risiko genannt. Ein Beispiel hierf\u00fcr w\u00e4re eine extreme Trockenperiode in einer bestimmten Region. Dadurch k\u00f6nnten Pegel von Transportwegen wie Fl\u00fcssen so weit sinken, dass der Transport von Waren beeintr\u00e4chtigt werden k\u00f6nnte.<\/p><p class=\"p1\"><span class=\"s1\">\u2022 <\/span>Soziales: Im Bereich des Sozialen k\u00f6nnten sich Risiken zum Beispiel aus der Nichteinhaltung von arbeitsrechtlichen Standards oder des Gesundheitsschutzes ergeben.<\/p><p class=\"p1\"><span class=\"s1\">\u2022 <\/span>Unternehmensf\u00fchrung: Beispiele f\u00fcr Risiken im Bereich der Unternehmensf\u00fchrung sind etwa die Nichteinhaltung der Steuerehrlichkeit oder Korruption in Unternehmen.<\/p><p class=\"p1\"><span style=\"text-decoration: underline;\">Information zur Einbeziehung von Nachhaltigkeitsrisiken bei der Beratungst\u00e4tigkeit (Art. 3 TVO)<\/span><\/p><p class=\"p1\">Um Nachhaltigkeitsrisiken bei der Beratung einzubeziehen, werden im Rahmen der Auswahl von Anbietern (Finanzmarktteilnehmern) und deren Finanzprodukten deren zur Verf\u00fcgung gestellte Informationen ber\u00fccksichtigt.<\/p><p class=\"p1\">Anbieter, die erkennbar keine Strategie zur Einbeziehung von Nachhaltigkeitsrisiken in ihre Investitionsentscheidungen haben, werden ggf. nicht angeboten.<\/p><p class=\"p1\">Im Rahmen der Beratung wird ggf. gesondert dargestellt, wenn die Ber\u00fccksichtigung der Nachhaltigkeitsrisiken bei der Investmententscheidung erkennbare Vor- bzw. Nachteile f\u00fcr den Kunden bedeuten.<\/p><p class=\"p1\">\u00dcber die Ber\u00fccksichtigung von Nachhaltigkeitsrisiken bei Investitionsentscheidungen des jeweiligen Anbieters informiert dieser mit seinen vorvertraglichen Informationen. Fragen dazu kann der Kunde im Vorfeld eines m\u00f6glichen Abschlusses ansprechen.<\/p><p class=\"p1\"><span style=\"text-decoration: underline;\">Information zur Ber\u00fccksichtigung nachteiliger Auswirkungen auf Nachhaltigkeitsfaktoren (Art. 4 TVO)<\/span><\/p><p class=\"p1\">Im Rahmen der Beratung werden die wichtigsten nachteiligen Auswirkungen von Investitionsentscheidungen auf Nachhaltigkeitsfaktoren ber\u00fccksichtigt. Die Ber\u00fccksichtigung erfolgt auf Basis der von den Anbietern zur Verf\u00fcgung gestellten Informationen zu ihrer Nachhaltigkeit und ggf. der Nachhaltigkeit des jeweiligen Finanzproduktes.<\/p><p class=\"p1\">(Zurzeit kann eine Ber\u00fccksichtigung auf Grund sich aufbauender, aber aktuell noch ggf. rudiment\u00e4rer Informationen durch die Anbieter lediglich bedingt erfolgen.)<\/p><p class=\"p1\"><span style=\"text-decoration: underline;\">Informationen zur Verg\u00fctungspolitik bei der Ber\u00fccksichtigung von Nachhaltigkeitsrisiken (Art. 5 TVO)<\/span><\/p><p class=\"p1\">Die Verg\u00fctung f\u00fcr die Vermittlung von Finanzprodukten wird grunds\u00e4tzlich nicht von den Nachhaltigkeitsrisiken beeinflusst. Es kann vorkommen, dass Anbieter die Ber\u00fccksichtigung von Nachhaltigkeitsrisiken bei Investitionen h\u00f6her verg\u00fcten. Wenn dies dem Kundeninteresse nicht widerspricht, wird die h\u00f6here Verg\u00fctung angenommen.<\/p>\t\t\t\t\t\t\t\t<\/div>\n\t\t\t\t\t<\/div>\n\t\t\t\t<\/div>\n\t\t<div class=\"elementor-element elementor-element-d2bba66 e-flex e-con-boxed wpr-particle-no wpr-jarallax-no wpr-parallax-no wpr-sticky-section-no wpr-equal-height-no e-con e-parent\" data-id=\"d2bba66\" data-element_type=\"container\" data-e-type=\"container\">\n\t\t\t\t\t<div class=\"e-con-inner\">\n\t\t\t\t\t<\/div>\n\t\t\t\t<\/div>\n\t\t\t\t<\/div>\n\t\t","protected":false},"excerpt":{"rendered":"<p>impressum ProService Versicherungsmakler GmbH Stolkgasse 25-4550667 K\u00f6ln Tel.: 0221 931 254 &#8211; 0Fax: 0221 931 254 &#8211; 14 E-Mail: mail@proservicekoeln.de Gesellschaftsform: GmbH, HRB 34974 eingetragen beim Amtsgericht K\u00f6ln Gesch\u00e4ftsf\u00fchrung: Sebastian Fehr, J\u00f6rg Funck Steuer ID Nummer: DE 215 406 191 Inhalt ProService ist bem\u00fcht, den Inhalt dieser Website richtig, vollst\u00e4ndig und aktuell zu gestalten und regelm\u00e4\u00dfig anzupassen. Die Haftung f\u00fcr die Aktualit\u00e4t, Richtigkeit, Vollst\u00e4ndigkeit oder Qualit\u00e4t der Website ist jedoch ausgeschlossen. ProService beh\u00e4lt es sich vor, jederzeit den Inhalt der Website zu ver\u00e4ndern, zu erg\u00e4nzen, zu l\u00f6schen oder die Ver\u00f6ffentlichung einzustellen. \u00a0 Bildnachweis Istockphoto \u00a0 Links zu anderen Seiten ProService ist f\u00fcr die &#8222;eigenen Inhalte&#8220; dieser Website nach den vorstehenden Regelungen und dar\u00fcber hinaus nach den allgemeinen Gesetzen verantwortlich. Von diesen eigenen Inhalten sind links auf die Websites Dritter zu unterscheiden. F\u00fcr den Inhalt der Websites, die aufgrund einer solchen Verbindung erreicht werden, ist ProService nicht verantwortlich. Verg\u00fctung der Versicherungsvermittlung ProService wird durch den Versicherer bei erfolgreicher Versicherungsvermittlung in Form einer Courtage verg\u00fctet. Statusinformationen gem\u00e4\u00df Par. 11 Versicherungsvermittlungsverordnung Die ProService Versicherungsmakler GmbH ist als Versicherungsmakler mit einer Erlaubnis nach 34d Abs. 1 der Gewerbeordnung registriert. ProService h\u00e4lt keine direkte oder indirekte Beteiligung von \u00fcber 10% an den Stimmrechten oder am Kapital eines Versicherungsunternehmens. Zust\u00e4ndige Registerstelle des Vermittlerregisters und Registernummer Registerstelle: Industrie- und Handelskammer zu K\u00f6lnUnter Sachsenhausen 10-26, 50667 K\u00f6lnTel. 0221 \/ 16 40 &#8211; 0Web: www.ihk-koeln.de \u00a0 Versicherungsvermittlerregister gem. \u00a7 11a Gewerbeordnung Registernummer: D-1EB0 79259-35Datum der Eintragung: 07.07.2007Land der Zulassung: DeutschlandStatus: Versicherungsmakler mit Erlaubnis nach \u00a7 34d Abs. 1 GewOGesetzlicher Vertreter: Sebastian Fehr (Gesch\u00e4ftsf\u00fchrer) \u00a0 Registerf\u00fchrende gemeinsame Stelle Deutsche Industrie- und HandelskammerK\u00f6rperschaft des \u00f6ffentlichen RechtsBreite Stra\u00dfe 29, 10178 BerlinTel. 0180 \/ 600 585 0 (0,20\u20ac \/ Anruf)Web: www.vermittlerregister.org bzw. www.vermittlerregister.info Zust\u00e4ndige Schlichtungsstelle Versicherungsombudsmann e.V.Postfach 080632, 10006 BerlinWeb: www.versicherungsombudsmann.deEmail: beschwerde@versicherungsombudsmann.de \u00a0 Beteiligungsverh\u00e4ltnisse i.S.d. \u00a7 11 Versicherungsvermittlungsverordnung Die Provinzial Holding Aktiengesellschaft h\u00e4lt direkt mehr als 10% der Anteile der\u00a0ProService Versicherungsmakler GmbH Informationen \u00fcber Nachhaltigkeitsrisiken bei Finanzprodukten Was sind Nachhaltigkeitsrisiken? Als Nachhaltigkeitsrisiken (ESG-Risiken) werden Ereignisse oder Bedingungen aus den drei Bereichen Umwelt (Environment), Soziales (Social) und Unternehmensf\u00fchrung (Governance) bezeichnet, deren Eintreten negative Auswirkungen auf den Wert der Investition bzw. Anlage haben k\u00f6nnten. Diese Risiken k\u00f6nnen einzelne Unternehmen genauso wie ganze Branchen oder Regionen betreffen. Was gibt es f\u00fcr Beispiele f\u00fcr Nachhaltigkeitsrisiken in den drei Bereichen? \u2022 Umwelt: In Folge des Klimawandels k\u00f6nnten vermehrt auftretende Extremwetterereignisse ein Risiko darstellen. Dieses Risiko wird auch physisches Risiko genannt. Ein Beispiel hierf\u00fcr w\u00e4re eine extreme Trockenperiode in einer bestimmten Region. Dadurch k\u00f6nnten Pegel von Transportwegen wie Fl\u00fcssen so weit sinken, dass der Transport von Waren beeintr\u00e4chtigt werden k\u00f6nnte. \u2022 Soziales: Im Bereich des Sozialen k\u00f6nnten sich Risiken zum Beispiel aus der Nichteinhaltung von arbeitsrechtlichen Standards oder des Gesundheitsschutzes ergeben. \u2022 Unternehmensf\u00fchrung: Beispiele f\u00fcr Risiken im Bereich der Unternehmensf\u00fchrung sind etwa die Nichteinhaltung der Steuerehrlichkeit oder Korruption in Unternehmen. Information zur Einbeziehung von Nachhaltigkeitsrisiken bei der Beratungst\u00e4tigkeit (Art. 3 TVO) Um Nachhaltigkeitsrisiken bei der Beratung einzubeziehen, werden im Rahmen der Auswahl von Anbietern (Finanzmarktteilnehmern) und deren Finanzprodukten deren zur Verf\u00fcgung gestellte Informationen ber\u00fccksichtigt. Anbieter, die erkennbar keine Strategie zur Einbeziehung von Nachhaltigkeitsrisiken in ihre Investitionsentscheidungen haben, werden ggf. nicht angeboten. Im Rahmen der Beratung wird ggf. gesondert dargestellt, wenn die Ber\u00fccksichtigung der Nachhaltigkeitsrisiken bei der Investmententscheidung erkennbare Vor- bzw. Nachteile f\u00fcr den Kunden bedeuten. \u00dcber die Ber\u00fccksichtigung von Nachhaltigkeitsrisiken bei Investitionsentscheidungen des jeweiligen Anbieters informiert dieser mit seinen vorvertraglichen Informationen. Fragen dazu kann der Kunde im Vorfeld eines m\u00f6glichen Abschlusses ansprechen. Information zur Ber\u00fccksichtigung nachteiliger Auswirkungen auf Nachhaltigkeitsfaktoren (Art. 4 TVO) Im Rahmen der Beratung werden die wichtigsten nachteiligen Auswirkungen von Investitionsentscheidungen auf Nachhaltigkeitsfaktoren ber\u00fccksichtigt. Die Ber\u00fccksichtigung erfolgt auf Basis der von den Anbietern zur Verf\u00fcgung gestellten Informationen zu ihrer Nachhaltigkeit und ggf. der Nachhaltigkeit des jeweiligen Finanzproduktes. (Zurzeit kann eine Ber\u00fccksichtigung auf Grund sich aufbauender, aber aktuell noch ggf. rudiment\u00e4rer Informationen durch die Anbieter lediglich bedingt erfolgen.) Informationen zur Verg\u00fctungspolitik bei der Ber\u00fccksichtigung von Nachhaltigkeitsrisiken (Art. 5 TVO) Die Verg\u00fctung f\u00fcr die Vermittlung von Finanzprodukten wird grunds\u00e4tzlich nicht von den Nachhaltigkeitsrisiken beeinflusst. Es kann vorkommen, dass Anbieter die Ber\u00fccksichtigung von Nachhaltigkeitsrisiken bei Investitionen h\u00f6her verg\u00fcten. Wenn dies dem Kundeninteresse nicht widerspricht, wird die h\u00f6here Verg\u00fctung angenommen.<\/p>\n","protected":false},"author":269596230,"featured_media":0,"parent":0,"menu_order":0,"comment_status":"closed","ping_status":"closed","template":"","meta":{"_crdt_document":"","footnotes":""},"class_list":["post-21","page","type-page","status-publish","hentry"],"_links":{"self":[{"href":"https:\/\/test.proservicekoeln.de\/index.php?rest_route=\/wp\/v2\/pages\/21","targetHints":{"allow":["GET"]}}],"collection":[{"href":"https:\/\/test.proservicekoeln.de\/index.php?rest_route=\/wp\/v2\/pages"}],"about":[{"href":"https:\/\/test.proservicekoeln.de\/index.php?rest_route=\/wp\/v2\/types\/page"}],"author":[{"embeddable":true,"href":"https:\/\/test.proservicekoeln.de\/index.php?rest_route=\/wp\/v2\/users\/269596230"}],"replies":[{"embeddable":true,"href":"https:\/\/test.proservicekoeln.de\/index.php?rest_route=%2Fwp%2Fv2%2Fcomments&post=21"}],"version-history":[{"count":17,"href":"https:\/\/test.proservicekoeln.de\/index.php?rest_route=\/wp\/v2\/pages\/21\/revisions"}],"predecessor-version":[{"id":991,"href":"https:\/\/test.proservicekoeln.de\/index.php?rest_route=\/wp\/v2\/pages\/21\/revisions\/991"}],"wp:attachment":[{"href":"https:\/\/test.proservicekoeln.de\/index.php?rest_route=%2Fwp%2Fv2%2Fmedia&parent=21"}],"curies":[{"name":"wp","href":"https:\/\/api.w.org\/{rel}","templated":true}]}}