{"id":494,"date":"2026-02-10T22:54:25","date_gmt":"2026-02-10T21:54:25","guid":{"rendered":"https:\/\/test.proservicekoeln.de\/?page_id=494"},"modified":"2026-02-25T13:04:17","modified_gmt":"2026-02-25T12:04:17","slug":"datenschutzerklaerung","status":"publish","type":"page","link":"https:\/\/test.proservicekoeln.de\/?page_id=494","title":{"rendered":"Datenschutzerkl\u00e4rung"},"content":{"rendered":"\t\t<div data-elementor-type=\"wp-page\" data-elementor-id=\"494\" class=\"elementor elementor-494\">\n\t\t\t\t<div class=\"elementor-element elementor-element-c0fc61f e-flex e-con-boxed wpr-particle-no wpr-jarallax-no wpr-parallax-no wpr-sticky-section-no wpr-equal-height-no e-con e-parent\" data-id=\"c0fc61f\" data-element_type=\"container\" data-e-type=\"container\">\n\t\t\t\t\t<div class=\"e-con-inner\">\n\t\t\t\t<div class=\"elementor-element elementor-element-ea1e1f5 elementor-widget elementor-widget-heading\" data-id=\"ea1e1f5\" data-element_type=\"widget\" data-e-type=\"widget\" data-widget_type=\"heading.default\">\n\t\t\t\t\t<h2 class=\"elementor-heading-title elementor-size-default\">Datenschutzerkl\u00e4rung<\/h2>\t\t\t\t<\/div>\n\t\t\t\t<div class=\"elementor-element elementor-element-3b621c3 elementor-widget elementor-widget-text-editor\" data-id=\"3b621c3\" data-element_type=\"widget\" data-e-type=\"widget\" data-widget_type=\"text-editor.default\">\n\t\t\t\t\t\t\t\t\t<p>ProService Versicherungsmakler GmbH hat sich der Integrit\u00e4t im Umgang mit ihren Kunden, Mitarbeitern und Gesch\u00e4ftspartnern verschrieben. Diese Verpflichtung gilt f\u00fcr alle pers\u00f6nlichen Daten, die wir von unseren Kunden und von Interessenten erhalten. Wir verpflichten uns, den Schutz der personenbezogenen Daten zu respektieren und die Vertraulichkeit von personenbezogenen Daten sowie die Sicherheit der Datenverarbeitungssysteme zu sch\u00fctzen. Mit den nachfolgenden Hinweisen informieren wir Sie \u2013 als Kunde bzw. Interessent \u2013 \u00fcber die Verarbeitung Ihrer personenbezogenen Daten durch die ProService Versicherungsmakler GmbH und die Ihnen nach dem Datenschutzrecht zustehenden Rechte.<\/p><p><strong>1. Verantwortlicher f\u00fcr die Datenverarbeitung<\/strong><\/p><p><strong>1.1. Die Kontaktdaten des Verantwortlichen f\u00fcr die Datenverarbeitung<\/strong><\/p><p>ProService Versicherungsmakler GmbH<br \/>Stolkgasse 25 &#8211; 45\u00a0<br \/>50667 K\u00f6ln<\/p><p>Telefon: 0221 \/ 931254-0<br \/><span style=\"font-family: -apple-system, BlinkMacSystemFont, 'Segoe UI', Roboto, 'Helvetica Neue', Arial, 'Noto Sans', sans-serif, 'Apple Color Emoji', 'Segoe UI Emoji', 'Segoe UI Symbol', 'Noto Color Emoji';\">Webseite: https:\/\/proservicekoeln.de<\/span><\/p><p><b>1.2. Unseren Datenschutzbeauftragten erreichen Sie per Post unter folgender Adresse:<\/b><\/p><p>Harald M\u00fcller-Delius, MBA, Dipl.-Ing. (FH)<br \/>Karolinenstr. 10<br \/>83043 Bad Aibling<br \/>Mail: datenschutz@hmdata.de<\/p><p><b>2. Zwecke und Rechtsgrundlagen der Datenverarbeitung<\/b><\/p><p><strong>2.1.<\/strong> Wir verarbeiten Ihre personenbezogenen Daten unter Beachtung der EU- Datenschutz Grundverordnung (DSGVO), des Bundesdatenschutzgesetzes (BDSG)<br \/>sowie aller weiteren ma\u00dfgeblichen Gesetze.<\/p><p><strong>2.2. Wir verarbeiten folgende Kategorien personenbezogener Daten:<\/strong><\/p><ul><li>Personenstammdaten,<\/li><li>Kontakt- und Kommunikationsdaten,<\/li><li>Versicherungsvertrags- und Schadendaten inklusive Fotos von Sch\u00e4den,<\/li><li>Finanz-, Bankverbindungs- und Abrechnungsdaten sowie<\/li><li>medizinische und gesundheitliche Daten, nur sofern Sie eine Lebens-, Renten-<br \/>oder Unfallversicherung \u00fcber uns abschlie\u00dfen.<\/li><\/ul><p><strong>2.3.<\/strong> F\u00fcr die Verarbeitung Ihrer Daten f\u00fcr den Zweck der \u00dcberpr\u00fcfung, Eindeckung und<br \/>Betreuung von Versicherungsvertr\u00e4gen sowie Begleitung von Leistungs- und Schadenf\u00e4llen haben Sie uns eine Einwilligung gem\u00e4\u00df Art. 6 Abs. 1 a) bis 1 c) DSGVO oder, sofern es sich um die Verarbeitung besonderer Kategorien personenbezogener Daten f\u00fcr die Lebens-, Renten- oder Unfallversicherung handelt,<br \/>Art. 9 Abs. 2 a) DSGVO erteilt.<\/p><p><strong>2.4.<\/strong> Dar\u00fcber hinaus verarbeiten wir Ihre personenbezogenen Daten zur Erf\u00fcllung gesetzlicher Verpflichtungen wie z.B. aufsichtsrechtlicher Vorgaben, handels- und steuerrechtlicher Aufbewahrungspflichten oder unserer Beratungspflicht. Als Rechtsgrundlage f\u00fcr die Verarbeitung dienen in diesem Fall die jeweiligen gesetzlichen Regelungen i. V. m. Art. 6 Abs. 1 c) DSGVO.<\/p><p><strong>2.5.<\/strong> Ihre Daten verarbeiten wir auch, um berechtigte Interessen von uns oder von Dritten zu wahren (Art. 6 Abs. 1 f) DSGVO). Dies kann insbesondere erforderlich sein:<\/p><ul><li>zur Erstellung von spezifischen Statistiken, z.B. Monatsabschl\u00fcssen,<br \/>Bestandsentwicklung, Bestandsdaten f\u00fcr Rahmenvertr\u00e4ge, Schadenquoten zur<br \/>Umdeckung und Sanierungsabwehr,<\/li><li>zur Gew\u00e4hrleistung der IT-Sicherheit und des IT-Betriebs,<\/li><li>zur Information oder Werbung in Zusammenhang mit neuen Risiken und<br \/>versicherbaren Gefahren sowie Entwicklungen auf dem Versicherungsmarkt.<\/li><\/ul><p><strong>2.6.<\/strong> Die Betreuung Ihrer Vertr\u00e4ge (z.B. Abschluss, Anpassung, \u00c4nderung,<br \/>Ruhestellung, Umdeckung, K\u00fcndigung) ist ohne die Verarbeitung Ihrer<br \/>personenbezogenen Daten nicht m\u00f6glich.<\/p><p><strong>2.7.<\/strong> Sollten wir Ihre personenbezogenen Daten f\u00fcr einen oben nicht genannten Zweck verarbeiten wollen, werden wir Sie im Rahmen der gesetzlichen Bestimmungen dar\u00fcber zuvor informieren.<\/p><p><strong>3. Kategorien von Empf\u00e4ngern der personenbezogenen Daten<\/strong><\/p><p><strong>3.1.<\/strong> Allgemeine Datenverarbeitung in der Unternehmensgruppe:<br \/>Es werden keine spezialisierten Unternehmen bzw. Bereiche der Unternehmensgruppe f\u00fcr Datenverarbeitungsaufgaben beauftragt.<\/p><p><strong>3.2.<\/strong> Versicherungsmarkt-Teilnehmer: F\u00fcr die \u00dcberpr\u00fcfung, Eindeckung und Betreuung von Versicherungsvertr\u00e4gen sowie Begleitung von Leistungs- und Schadenf\u00e4llen, ist es erforderlich, dass wir Ihre Risiko-, Vertrags-, Schaden- und Leistungsdaten an Versicherer, R\u00fcckversicherer, Sachverst\u00e4ndige, Assekurateure, Spezialvermittler, Kooperationsmakler oder Makler- verbunde sowie Rechtsanw\u00e4lte, Steuerberater, Wirtschaftspr\u00fcfer, Ombudsm\u00e4nner und<br \/>Rechtsnachfolger \u00fcbermitteln. F\u00fcr Auslandsrisiken werden auch entsprechende Versicherungsmarkt Teilnehmer im Ausland einbezogen. Dar\u00fcber hinaus ist es m\u00f6glich, dass diese Unternehmen aufgrund ihrer besonderen Sachkunde bei der Risiko- oder Leistungspr\u00fcfung sowie bei der Bewertung von Verfahrensabl\u00e4ufen uns unterst\u00fctzen Wir \u00fcbermitteln Ihre Daten an diese Unternehmen nur soweit dies f\u00fcr die Erf\u00fcllung unseres Beratungsauftrages Ihnen gegen\u00fcber erforderlich ist.<\/p><p><strong>3.3.<\/strong> Externe Dienstleister:<br \/>Wir bedienen uns zur Erf\u00fcllung unserer vertraglichen und gesetzlichen Pflichten zum Teil folgender externer Dienstleister.<\/p><p>Unternehmen \/ Aufgaben<\/p><ul><li>Assfinet GmbH &#8211; Bereitstellung von Anwendungen und Datenbanken<\/li><li>BAGUS &#8211; Bereitstellung und Betrieb von Webseiten und Serviceportalen<\/li><li>Bertram Internet &#8211; Bereitstellung und Betrieb von Webseiten und Serviceportalen<\/li><li>twocream creativemedia gmbh, Essen &#8211; Bereitstellung und Betrieb von Webseiten und Serviceportalen<\/li><li>Host Europe GmbH &#8211; Bereitstellung und Betrieb von Cloud-Diensten, Rechenkapazit\u00e4ten und Speicherplatz<\/li><li>NetGroup Deutschland GmbH &#8211; Bereitstellung und Betrieb von Webseiten und Serviceportalen<\/li><li>Provinzial Rheinland Versicherung AG &#8211; Bereitstellung von Rechtsberatungs- Dienstleistungen<\/li><li>Society Solutions GmbH &#8211; Bereitstellung und Betrieb von Cloud Diensten, Rechenkapazit\u00e4ten und Speicherplatz<\/li><li>TRUST RISK CONTROL International Insurance Development GmbH &#8211; Bereitstellung und Betrieb von Cloud-Diensten, Rechenkapazit\u00e4ten und Speicherplatz<\/li><li>Telekom Deutschland GmbH &#8211; Bereitstellung und Betrieb von Cloud-Diensten, Rechenkapazit\u00e4ten und Speicherplatz<\/li><\/ul><p><strong>3.4.<\/strong> Weitere Empf\u00e4nger:<br \/>Dar\u00fcber hinaus k\u00f6nnen wir Ihre personenbezogenen Daten an weitere Empf\u00e4nger \u00fcbermitteln, wie etwa an Beh\u00f6rden zur Erf\u00fcllung gesetzlicher Mitteilungspflichten (z. B. Sozialversicherungstr\u00e4ger, Finanzbeh\u00f6rden oder Strafverfolgungsbeh\u00f6rden).<\/p><p><strong>4. Dauer der Datenspeicherung<\/strong><\/p><p>Wir l\u00f6schen Ihre personenbezogenen Daten sobald sie f\u00fcr die oben genannten Zwecke nicht mehr erforderlich sind. Dabei kann es vorkommen, dass personenbezogene Daten f\u00fcr die Zeit aufbewahrt werden, in der Anspr\u00fcche gegen unser Unternehmen geltend gemacht werden k\u00f6nnen (gesetzliche Verj\u00e4hrungsfrist von drei oder bis zu drei\u00dfig Jahren). Zudem speichern wir Ihre personenbezogenen Daten, soweit wir dazu gesetzlich verpflichtet sind. Entsprechende Nachweis- und Aufbewahrungspflichten ergeben sich unter anderem aus dem Handelsgesetzbuch, der Abgabenordnung und dem Geldw\u00e4schegesetz. Die Speicherfristen betragen danach bis zu zehn Jahren.<\/p><p><strong>5. Recht auf Auskunft, Berichtigung, L\u00f6schung, Einschr\u00e4nkung der Verarbeitung und<\/strong><br \/><strong>Daten\u00fcbertragbarkeit<\/strong><\/p><p>Sie k\u00f6nnen unter der o. g. Adresse Auskunft \u00fcber die zu Ihrer Person gespeicherten Daten verlangen. Dar\u00fcber hinaus k\u00f6nnen Sie unter bestimmten Voraussetzungen die Berichtigung oder die L\u00f6schung Ihrer Daten verlangen. Ihnen kann weiterhin ein Recht auf Einschr\u00e4nkung der Verarbeitung Ihrer Daten sowie ein Recht auf Herausgabe der von Ihnen bereitgestellten Daten in einem strukturierten, g\u00e4ngigen und maschinenlesbaren Format zustehen.<\/p><p><strong>6. Widerspruchsrecht<\/strong><\/p><p><strong>6.1.<\/strong> Sie haben das Recht, einer Verarbeitung Ihrer personenbezogenen Daten zu Zwecken der Direktwerbung zu widersprechen.<\/p><p><strong>6.2.<\/strong> Verarbeiten wir Ihre Daten zur Wahrung berechtigter Interessen, k\u00f6nnen Sie dieser Verarbeitung widersprechen, wenn sich aus Ihrer besonderen Situation Gr\u00fcnde ergeben, die gegen die Datenverarbeitung sprechen.<\/p><p><strong>6.3.<\/strong> Eine von Ihnen erteilte Einwilligung gem\u00e4\u00df Art. 6 Abs. 1 lit. a oder Art. 9 Abs. 2 lit. a k\u00f6nnen Sie jederzeit widerrufen, ohne dass die Rechtm\u00e4\u00dfigkeit der aufgrund der Einwilligung bis zum Widerruf erfolgten Verarbeitung ber\u00fchrt wird.<\/p><p><strong>7. Beschwerderecht<\/strong><\/p><p><strong>7.1.<\/strong> Sie haben die M\u00f6glichkeit, sich mit einer Beschwerde an den oben genannten Datenschutzbeauftragten oder an eine Datenschutzaufsichtsbeh\u00f6rde zu wenden.<\/p><p><strong>7.2.<\/strong> Kontaktdaten der Datenschutzaufsichtsbeh\u00f6rde:<br \/>Landesbeauftragte f\u00fcr Datenschutz und Informationsfreiheit Nordrhein-Westfalen<br \/>Postanschrift: Postfach 20 04 44, 40102 D\u00fcsseldorf<br \/>Hausanschrift: Kavalleriestr. 2-4, 40213 D\u00fcsseldorf<br \/>Telefon 0211\/38424-0, Fax 0211\/38424-10<br \/>E-Mail poststelle@ldi.nrw.de, Webseite https:\/\/www.ldi.nrw.de\/<\/p><p><strong>8. Automatisierte Einzelfallentscheidungen<\/strong><br \/>Wir treffen die Entscheidungen, die Sie betreffen, anhand einer Einzelfallbetrachtung und der uns vorliegenden Informationen. Eine automatisierte Einzelfallentscheidung findet nicht statt.<\/p>\t\t\t\t\t\t\t\t<\/div>\n\t\t\t\t\t<\/div>\n\t\t\t\t<\/div>\n\t\t<div class=\"elementor-element elementor-element-7c11a4a e-flex e-con-boxed wpr-particle-no wpr-jarallax-no wpr-parallax-no wpr-sticky-section-no wpr-equal-height-no e-con e-parent\" data-id=\"7c11a4a\" data-element_type=\"container\" data-e-type=\"container\">\n\t\t\t\t\t<div class=\"e-con-inner\">\n\t\t\t\t<div class=\"elementor-element elementor-element-280910a elementor-widget elementor-widget-heading\" data-id=\"280910a\" data-element_type=\"widget\" data-e-type=\"widget\" data-widget_type=\"heading.default\">\n\t\t\t\t\t<h2 class=\"elementor-heading-title elementor-size-default\">Analysedienste und Cookies<\/h2>\t\t\t\t<\/div>\n\t\t\t\t<div class=\"elementor-element elementor-element-17b4aec elementor-widget elementor-widget-text-editor\" data-id=\"17b4aec\" data-element_type=\"widget\" data-e-type=\"widget\" data-widget_type=\"text-editor.default\">\n\t\t\t\t\t\t\t\t\t<p><strong>1. Analysedienst<\/strong><\/p><p class=\"p1\">Unsere Webseite verwendet keinen Analysedienst.<\/p><p class=\"p2\"><strong>2. Cookies<\/strong><\/p><p class=\"p1\">Cookies sind Dateien, die automatisch bei dem Aufruf einer Webseite lokal im Browser des Besuchers abgelegt werden. Diese Website setzt Cookies ein, um das Angebot nutzerfreundlich und funktionaler zu gestalten. Webseiteneinstellungen werden zeitlich befristet gespeichert und bei erneutem Besuch abgerufen. Dank dieser Dateien ist es m\u00f6glich, auf individuelle Interessen abgestimmte Informationen auf einer Seite anzuzeigen. Auch sicherheitsrelevante Funktionen zum Schutz Ihrer Privatsph\u00e4re werden durch den Einsatz von Cookies erm\u00f6glicht. Die gespeicherten Cookies k\u00f6nnen f\u00fcr jede Website eingesehen und verwaltet werden:<\/p><p class=\"p1\">Google Chrome: Klicken Sie oben neben der Adresszeile auf das Schloss (bei SSL- zertifizierten Seiten) bzw. das Informations-Symbol (i). W\u00e4hlen Sie dann Coockies. Die nicht gew\u00fcnschten Cookies sind jeweils einzelnd zu markieren und mit dem Button Blockieren zu blockieren.<\/p><p class=\"p1\">Microsoft Edge: Klicken Sie rechts oben auf die drei Punkte. W\u00e4hlen Sie dann Einstellungen und darin Cookies und Websiteberechtigungen. Nehmen Sie die von Ihnen gew\u00fcnschte Einstellung darin vor.<\/p>\t\t\t\t\t\t\t\t<\/div>\n\t\t\t\t\t<\/div>\n\t\t\t\t<\/div>\n\t\t<div class=\"elementor-element elementor-element-38c2315 e-flex e-con-boxed wpr-particle-no wpr-jarallax-no wpr-parallax-no wpr-sticky-section-no wpr-equal-height-no e-con e-parent\" data-id=\"38c2315\" data-element_type=\"container\" data-e-type=\"container\">\n\t\t\t\t\t<div class=\"e-con-inner\">\n\t\t\t\t\t<\/div>\n\t\t\t\t<\/div>\n\t\t\t\t<\/div>\n\t\t","protected":false},"excerpt":{"rendered":"<p>Datenschutzerkl\u00e4rung ProService Versicherungsmakler GmbH hat sich der Integrit\u00e4t im Umgang mit ihren Kunden, Mitarbeitern und Gesch\u00e4ftspartnern verschrieben. Diese Verpflichtung gilt f\u00fcr alle pers\u00f6nlichen Daten, die wir von unseren Kunden und von Interessenten erhalten. Wir verpflichten uns, den Schutz der personenbezogenen Daten zu respektieren und die Vertraulichkeit von personenbezogenen Daten sowie die Sicherheit der Datenverarbeitungssysteme zu sch\u00fctzen. Mit den nachfolgenden Hinweisen informieren wir Sie \u2013 als Kunde bzw. Interessent \u2013 \u00fcber die Verarbeitung Ihrer personenbezogenen Daten durch die ProService Versicherungsmakler GmbH und die Ihnen nach dem Datenschutzrecht zustehenden Rechte. 1. Verantwortlicher f\u00fcr die Datenverarbeitung 1.1. Die Kontaktdaten des Verantwortlichen f\u00fcr die Datenverarbeitung ProService Versicherungsmakler GmbHStolkgasse 25 &#8211; 45\u00a050667 K\u00f6ln Telefon: 0221 \/ 931254-0Webseite: https:\/\/proservicekoeln.de 1.2. Unseren Datenschutzbeauftragten erreichen Sie per Post unter folgender Adresse: Harald M\u00fcller-Delius, MBA, Dipl.-Ing. (FH)Karolinenstr. 1083043 Bad AiblingMail: datenschutz@hmdata.de 2. Zwecke und Rechtsgrundlagen der Datenverarbeitung 2.1. Wir verarbeiten Ihre personenbezogenen Daten unter Beachtung der EU- Datenschutz Grundverordnung (DSGVO), des Bundesdatenschutzgesetzes (BDSG)sowie aller weiteren ma\u00dfgeblichen Gesetze. 2.2. Wir verarbeiten folgende Kategorien personenbezogener Daten: Personenstammdaten, Kontakt- und Kommunikationsdaten, Versicherungsvertrags- und Schadendaten inklusive Fotos von Sch\u00e4den, Finanz-, Bankverbindungs- und Abrechnungsdaten sowie medizinische und gesundheitliche Daten, nur sofern Sie eine Lebens-, Renten-oder Unfallversicherung \u00fcber uns abschlie\u00dfen. 2.3. F\u00fcr die Verarbeitung Ihrer Daten f\u00fcr den Zweck der \u00dcberpr\u00fcfung, Eindeckung undBetreuung von Versicherungsvertr\u00e4gen sowie Begleitung von Leistungs- und Schadenf\u00e4llen haben Sie uns eine Einwilligung gem\u00e4\u00df Art. 6 Abs. 1 a) bis 1 c) DSGVO oder, sofern es sich um die Verarbeitung besonderer Kategorien personenbezogener Daten f\u00fcr die Lebens-, Renten- oder Unfallversicherung handelt,Art. 9 Abs. 2 a) DSGVO erteilt. 2.4. Dar\u00fcber hinaus verarbeiten wir Ihre personenbezogenen Daten zur Erf\u00fcllung gesetzlicher Verpflichtungen wie z.B. aufsichtsrechtlicher Vorgaben, handels- und steuerrechtlicher Aufbewahrungspflichten oder unserer Beratungspflicht. Als Rechtsgrundlage f\u00fcr die Verarbeitung dienen in diesem Fall die jeweiligen gesetzlichen Regelungen i. V. m. Art. 6 Abs. 1 c) DSGVO. 2.5. Ihre Daten verarbeiten wir auch, um berechtigte Interessen von uns oder von Dritten zu wahren (Art. 6 Abs. 1 f) DSGVO). Dies kann insbesondere erforderlich sein: zur Erstellung von spezifischen Statistiken, z.B. Monatsabschl\u00fcssen,Bestandsentwicklung, Bestandsdaten f\u00fcr Rahmenvertr\u00e4ge, Schadenquoten zurUmdeckung und Sanierungsabwehr, zur Gew\u00e4hrleistung der IT-Sicherheit und des IT-Betriebs, zur Information oder Werbung in Zusammenhang mit neuen Risiken undversicherbaren Gefahren sowie Entwicklungen auf dem Versicherungsmarkt. 2.6. Die Betreuung Ihrer Vertr\u00e4ge (z.B. Abschluss, Anpassung, \u00c4nderung,Ruhestellung, Umdeckung, K\u00fcndigung) ist ohne die Verarbeitung Ihrerpersonenbezogenen Daten nicht m\u00f6glich. 2.7. Sollten wir Ihre personenbezogenen Daten f\u00fcr einen oben nicht genannten Zweck verarbeiten wollen, werden wir Sie im Rahmen der gesetzlichen Bestimmungen dar\u00fcber zuvor informieren. 3. Kategorien von Empf\u00e4ngern der personenbezogenen Daten 3.1. Allgemeine Datenverarbeitung in der Unternehmensgruppe:Es werden keine spezialisierten Unternehmen bzw. Bereiche der Unternehmensgruppe f\u00fcr Datenverarbeitungsaufgaben beauftragt. 3.2. Versicherungsmarkt-Teilnehmer: F\u00fcr die \u00dcberpr\u00fcfung, Eindeckung und Betreuung von Versicherungsvertr\u00e4gen sowie Begleitung von Leistungs- und Schadenf\u00e4llen, ist es erforderlich, dass wir Ihre Risiko-, Vertrags-, Schaden- und Leistungsdaten an Versicherer, R\u00fcckversicherer, Sachverst\u00e4ndige, Assekurateure, Spezialvermittler, Kooperationsmakler oder Makler- verbunde sowie Rechtsanw\u00e4lte, Steuerberater, Wirtschaftspr\u00fcfer, Ombudsm\u00e4nner undRechtsnachfolger \u00fcbermitteln. F\u00fcr Auslandsrisiken werden auch entsprechende Versicherungsmarkt Teilnehmer im Ausland einbezogen. Dar\u00fcber hinaus ist es m\u00f6glich, dass diese Unternehmen aufgrund ihrer besonderen Sachkunde bei der Risiko- oder Leistungspr\u00fcfung sowie bei der Bewertung von Verfahrensabl\u00e4ufen uns unterst\u00fctzen Wir \u00fcbermitteln Ihre Daten an diese Unternehmen nur soweit dies f\u00fcr die Erf\u00fcllung unseres Beratungsauftrages Ihnen gegen\u00fcber erforderlich ist. 3.3. Externe Dienstleister:Wir bedienen uns zur Erf\u00fcllung unserer vertraglichen und gesetzlichen Pflichten zum Teil folgender externer Dienstleister. Unternehmen \/ Aufgaben Assfinet GmbH &#8211; Bereitstellung von Anwendungen und Datenbanken BAGUS &#8211; Bereitstellung und Betrieb von Webseiten und Serviceportalen Bertram Internet &#8211; Bereitstellung und Betrieb von Webseiten und Serviceportalen twocream creativemedia gmbh, Essen &#8211; Bereitstellung und Betrieb von Webseiten und Serviceportalen Host Europe GmbH &#8211; Bereitstellung und Betrieb von Cloud-Diensten, Rechenkapazit\u00e4ten und Speicherplatz NetGroup Deutschland GmbH &#8211; Bereitstellung und Betrieb von Webseiten und Serviceportalen Provinzial Rheinland Versicherung AG &#8211; Bereitstellung von Rechtsberatungs- Dienstleistungen Society Solutions GmbH &#8211; Bereitstellung und Betrieb von Cloud Diensten, Rechenkapazit\u00e4ten und Speicherplatz TRUST RISK CONTROL International Insurance Development GmbH &#8211; Bereitstellung und Betrieb von Cloud-Diensten, Rechenkapazit\u00e4ten und Speicherplatz Telekom Deutschland GmbH &#8211; Bereitstellung und Betrieb von Cloud-Diensten, Rechenkapazit\u00e4ten und Speicherplatz 3.4. Weitere Empf\u00e4nger:Dar\u00fcber hinaus k\u00f6nnen wir Ihre personenbezogenen Daten an weitere Empf\u00e4nger \u00fcbermitteln, wie etwa an Beh\u00f6rden zur Erf\u00fcllung gesetzlicher Mitteilungspflichten (z. B. Sozialversicherungstr\u00e4ger, Finanzbeh\u00f6rden oder Strafverfolgungsbeh\u00f6rden). 4. Dauer der Datenspeicherung Wir l\u00f6schen Ihre personenbezogenen Daten sobald sie f\u00fcr die oben genannten Zwecke nicht mehr erforderlich sind. Dabei kann es vorkommen, dass personenbezogene Daten f\u00fcr die Zeit aufbewahrt werden, in der Anspr\u00fcche gegen unser Unternehmen geltend gemacht werden k\u00f6nnen (gesetzliche Verj\u00e4hrungsfrist von drei oder bis zu drei\u00dfig Jahren). Zudem speichern wir Ihre personenbezogenen Daten, soweit wir dazu gesetzlich verpflichtet sind. Entsprechende Nachweis- und Aufbewahrungspflichten ergeben sich unter anderem aus dem Handelsgesetzbuch, der Abgabenordnung und dem Geldw\u00e4schegesetz. Die Speicherfristen betragen danach bis zu zehn Jahren. 5. Recht auf Auskunft, Berichtigung, L\u00f6schung, Einschr\u00e4nkung der Verarbeitung undDaten\u00fcbertragbarkeit Sie k\u00f6nnen unter der o. g. Adresse Auskunft \u00fcber die zu Ihrer Person gespeicherten Daten verlangen. Dar\u00fcber hinaus k\u00f6nnen Sie unter bestimmten Voraussetzungen die Berichtigung oder die L\u00f6schung Ihrer Daten verlangen. Ihnen kann weiterhin ein Recht auf Einschr\u00e4nkung der Verarbeitung Ihrer Daten sowie ein Recht auf Herausgabe der von Ihnen bereitgestellten Daten in einem strukturierten, g\u00e4ngigen und maschinenlesbaren Format zustehen. 6. Widerspruchsrecht 6.1. Sie haben das Recht, einer Verarbeitung Ihrer personenbezogenen Daten zu Zwecken der Direktwerbung zu widersprechen. 6.2. Verarbeiten wir Ihre Daten zur Wahrung berechtigter Interessen, k\u00f6nnen Sie dieser Verarbeitung widersprechen, wenn sich aus Ihrer besonderen Situation Gr\u00fcnde ergeben, die gegen die Datenverarbeitung sprechen. 6.3. Eine von Ihnen erteilte Einwilligung gem\u00e4\u00df Art. 6 Abs. 1 lit. a oder Art. 9 Abs. 2 lit. a k\u00f6nnen Sie jederzeit widerrufen, ohne dass die Rechtm\u00e4\u00dfigkeit der aufgrund der Einwilligung bis zum Widerruf erfolgten Verarbeitung ber\u00fchrt wird. 7. Beschwerderecht 7.1. Sie haben die M\u00f6glichkeit, sich mit einer Beschwerde an den oben genannten Datenschutzbeauftragten oder an eine Datenschutzaufsichtsbeh\u00f6rde zu wenden. 7.2. Kontaktdaten der Datenschutzaufsichtsbeh\u00f6rde:Landesbeauftragte f\u00fcr Datenschutz und Informationsfreiheit Nordrhein-WestfalenPostanschrift: Postfach 20 04 44, 40102 D\u00fcsseldorfHausanschrift: Kavalleriestr. 2-4, 40213 D\u00fcsseldorfTelefon 0211\/38424-0, Fax 0211\/38424-10E-Mail poststelle@ldi.nrw.de, Webseite https:\/\/www.ldi.nrw.de\/ 8. Automatisierte EinzelfallentscheidungenWir treffen die Entscheidungen, die Sie betreffen, anhand einer Einzelfallbetrachtung und der uns vorliegenden Informationen. Eine automatisierte Einzelfallentscheidung findet nicht<\/p>\n","protected":false},"author":269596230,"featured_media":0,"parent":0,"menu_order":0,"comment_status":"closed","ping_status":"closed","template":"","meta":{"_crdt_document":"","footnotes":""},"class_list":["post-494","page","type-page","status-publish","hentry"],"_links":{"self":[{"href":"https:\/\/test.proservicekoeln.de\/index.php?rest_route=\/wp\/v2\/pages\/494","targetHints":{"allow":["GET"]}}],"collection":[{"href":"https:\/\/test.proservicekoeln.de\/index.php?rest_route=\/wp\/v2\/pages"}],"about":[{"href":"https:\/\/test.proservicekoeln.de\/index.php?rest_route=\/wp\/v2\/types\/page"}],"author":[{"embeddable":true,"href":"https:\/\/test.proservicekoeln.de\/index.php?rest_route=\/wp\/v2\/users\/269596230"}],"replies":[{"embeddable":true,"href":"https:\/\/test.proservicekoeln.de\/index.php?rest_route=%2Fwp%2Fv2%2Fcomments&post=494"}],"version-history":[{"count":17,"href":"https:\/\/test.proservicekoeln.de\/index.php?rest_route=\/wp\/v2\/pages\/494\/revisions"}],"predecessor-version":[{"id":1147,"href":"https:\/\/test.proservicekoeln.de\/index.php?rest_route=\/wp\/v2\/pages\/494\/revisions\/1147"}],"wp:attachment":[{"href":"https:\/\/test.proservicekoeln.de\/index.php?rest_route=%2Fwp%2Fv2%2Fmedia&parent=494"}],"curies":[{"name":"wp","href":"https:\/\/api.w.org\/{rel}","templated":true}]}}