{"id":918,"date":"2026-02-17T11:12:38","date_gmt":"2026-02-17T10:12:38","guid":{"rendered":"https:\/\/test.proservicekoeln.de\/?page_id=918"},"modified":"2026-02-25T12:45:00","modified_gmt":"2026-02-25T11:45:00","slug":"erstinformation","status":"publish","type":"page","link":"https:\/\/test.proservicekoeln.de\/?page_id=918","title":{"rendered":"Erstinformation"},"content":{"rendered":"\t\t<div data-elementor-type=\"wp-page\" data-elementor-id=\"918\" class=\"elementor elementor-918\">\n\t\t\t\t<div class=\"elementor-element elementor-element-2a840c3 e-flex e-con-boxed wpr-particle-no wpr-jarallax-no wpr-parallax-no wpr-sticky-section-no wpr-equal-height-no e-con e-parent\" data-id=\"2a840c3\" data-element_type=\"container\" data-e-type=\"container\">\n\t\t\t\t\t<div class=\"e-con-inner\">\n\t\t\t\t<div class=\"elementor-element elementor-element-02406e0 elementor-widget elementor-widget-heading\" data-id=\"02406e0\" data-element_type=\"widget\" data-e-type=\"widget\" data-widget_type=\"heading.default\">\n\t\t\t\t\t<h2 class=\"elementor-heading-title elementor-size-default\">Gesetzliche Informationspflichten<\/h2>\t\t\t\t<\/div>\n\t\t\t\t<div class=\"elementor-element elementor-element-512faf7 elementor-widget elementor-widget-text-editor\" data-id=\"512faf7\" data-element_type=\"widget\" data-e-type=\"widget\" data-widget_type=\"text-editor.default\">\n\t\t\t\t\t\t\t\t\t<p class=\"p1\">Nach aktuellen gesetzlichen Vorschriften sind wir bereits beim ersten Kontakt verpflichtet, Sie \u00fcber unsere T\u00e4tigkeiten und eventuelle Beteiligungen zu informieren. Transparenz und ausgezeichnete Beratung sind f\u00fcr uns eine Selbstverst\u00e4ndlichkeit.<\/p><p class=\"p1\"><strong>ProService Versicherungsmakler GmbH<\/strong><\/p><p class=\"p1\">Stolkgasse 25 &#8211; 45 50667 K\u00f6ln<br \/>Tel.: 0221 931 254 &#8211; 0<br \/>Fax: 0221 931 254 &#8211; 14<br \/><span class=\"s1\">E-Mail: <\/span>mail@proservicekoeln.de<\/p><p class=\"p1\"><strong>Gesch\u00e4ftsf\u00fchrung:<\/strong> Sebastian Fehr, J\u00f6rg Funck<\/p><p class=\"p1\"><strong>HRB 34974<\/strong> (eingetragen beim Amtsgericht K\u00f6ln)<\/p><p class=\"p1\"><strong>USt-ID-Nr.:<\/strong> DE 215 406 191<\/p><p class=\"p1\"><strong>Statusinformationen gem\u00e4\u00df Par. 11 Versicherungsvermittlungsverordnung<\/strong><\/p><p class=\"p1\">Die ProService Versicherungsmakler GmbH ist als Versicherungsmakler mit einer Erlaubniscnach 34d Abs. 1 der Gewerbeordnung registriert.<\/p><p class=\"p1\"><strong>Versicherungsvermittlerregister gem. \u00a7 11a Gewerbeordnung<\/strong><\/p><p class=\"p1\">Registernummer: D-1EB0-79259-35<br \/><span style=\"font-family: -apple-system, BlinkMacSystemFont, 'Segoe UI', Roboto, 'Helvetica Neue', Arial, 'Noto Sans', sans-serif, 'Apple Color Emoji', 'Segoe UI Emoji', 'Segoe UI Symbol', 'Noto Color Emoji';\">Datum der Eintragung: 07.07.2007<br \/><\/span>Land der Zulassung: Deutschland<br \/>Status: Versicherungsmakler mit Erlaubnis nach \u00a7 34d Abs. 1 GewO<br \/>Gesetzlicher Vertreter: Sebastian Fehr (Gesch\u00e4ftsf\u00fchrer)<\/p><p class=\"p1\"><strong>Zust\u00e4ndige Registerstelle des Vermittlerregisters und Registernummer<\/strong><\/p><p class=\"p1\">Industrie- und Handelskammer zu K\u00f6ln<br \/>Unter Sachsenhausen 10-26, 50667 K\u00f6ln<br \/>Tel. 0221 \/ 16 40 \u2013 0<br \/>Web: <a href=\"http:\/\/www.ihk-koeln.de\" rel=\"nofollow\">http:\/\/www.ihk-koeln.de<\/a><\/p><p class=\"p1\"><strong>Registerf\u00fchrende gemeinsame Stelle<\/strong><\/p><p class=\"p1\">Deutscher Industrie- und Handelskammertag (DIHK) e.V.<br \/>Breite Stra\u00dfe 29, 10178 Berlin<br \/><span style=\"font-family: -apple-system, BlinkMacSystemFont, 'Segoe UI', Roboto, 'Helvetica Neue', Arial, 'Noto Sans', sans-serif, 'Apple Color Emoji', 'Segoe UI Emoji', 'Segoe UI Symbol', 'Noto Color Emoji';\">Tel. 030 \/ 20308 &#8211; 0<br \/><\/span><span class=\"s1\">Web: <\/span>www.vermittlerregister.org <span class=\"s1\">bzw. <\/span>www.vermittlerregister.info<\/p><p class=\"p1\"><strong>Zust\u00e4ndige Schlichtungsstelle<\/strong><\/p><p class=\"p1\">Versicherungsombudsmann e.V., Postfach 080632, 10006 Berlin<br \/><span class=\"s1\">Web: <\/span>www.versicherungsombudsmann.de<br \/><span class=\"s1\">E-Mail: <\/span>beschwerde@versicherungsombudsmann.de<\/p><p class=\"p1\"><strong>Verg\u00fctung der Versicherungsvermittlung<\/strong><\/p><p class=\"p1\">ProService wird durch den Versicherer bei erfolgreicher Versicherungsvermittlung in Form einer Courtage verg\u00fctet.<\/p><p class=\"p1\"><strong>Beteiligungsverh\u00e4ltnisse<\/strong><\/p><p class=\"p1\">Unser Unternehmen h\u00e4lt keine direkte oder indirekte Beteiligung von \u00fcber 10% an den Stimmrechten oder am Kapital eines Versicherungsunternehmens. Die Provinzial Holding Aktiengesellschaft h\u00e4lt direkt mehr als 10% der Anteile der ProService Versicherungsmakler GmbH.<\/p><p class=\"p1\"><strong>Vorvertragliche Information zur Ber\u00fccksichtigung von Nachhaltigkeitsrisiken im Beratungsprozess (Art. 6 TVO)<\/strong><\/p><p class=\"p1\">Bei der Beratung zu Finanzprodukten werden Nachhaltigkeitsrisiken f\u00fcr nicht relevant erachtet, da davon ausgegangen wird, dass diese bereits durch die Anbieter ber\u00fccksichtigt und in deren vorvertraglichen Informationen dargelegt werden. Sollte dies nicht der Fall sein, wird hierzu in den vorvertraglichen Informationen des Anbieters eine entsprechende Erl\u00e4uterung erfolgen.<\/p>\t\t\t\t\t\t\t\t<\/div>\n\t\t\t\t\t<\/div>\n\t\t\t\t<\/div>\n\t\t<div class=\"elementor-element elementor-element-312b0b4 e-flex e-con-boxed wpr-particle-no wpr-jarallax-no wpr-parallax-no wpr-sticky-section-no wpr-equal-height-no e-con e-parent\" data-id=\"312b0b4\" data-element_type=\"container\" data-e-type=\"container\">\n\t\t\t\t\t<div class=\"e-con-inner\">\n\t\t\t\t\t<\/div>\n\t\t\t\t<\/div>\n\t\t\t\t<\/div>\n\t\t","protected":false},"excerpt":{"rendered":"<p>Gesetzliche Informationspflichten Nach aktuellen gesetzlichen Vorschriften sind wir bereits beim ersten Kontakt verpflichtet, Sie \u00fcber unsere T\u00e4tigkeiten und eventuelle Beteiligungen zu informieren. Transparenz und ausgezeichnete Beratung sind f\u00fcr uns eine Selbstverst\u00e4ndlichkeit. ProService Versicherungsmakler GmbH Stolkgasse 25 &#8211; 45 50667 K\u00f6lnTel.: 0221 931 254 &#8211; 0Fax: 0221 931 254 &#8211; 14E-Mail: mail@proservicekoeln.de Gesch\u00e4ftsf\u00fchrung: Sebastian Fehr, J\u00f6rg Funck HRB 34974 (eingetragen beim Amtsgericht K\u00f6ln) USt-ID-Nr.: DE 215 406 191 Statusinformationen gem\u00e4\u00df Par. 11 Versicherungsvermittlungsverordnung Die ProService Versicherungsmakler GmbH ist als Versicherungsmakler mit einer Erlaubniscnach 34d Abs. 1 der Gewerbeordnung registriert. Versicherungsvermittlerregister gem. \u00a7 11a Gewerbeordnung Registernummer: D-1EB0-79259-35Datum der Eintragung: 07.07.2007Land der Zulassung: DeutschlandStatus: Versicherungsmakler mit Erlaubnis nach \u00a7 34d Abs. 1 GewOGesetzlicher Vertreter: Sebastian Fehr (Gesch\u00e4ftsf\u00fchrer) Zust\u00e4ndige Registerstelle des Vermittlerregisters und Registernummer Industrie- und Handelskammer zu K\u00f6lnUnter Sachsenhausen 10-26, 50667 K\u00f6lnTel. 0221 \/ 16 40 \u2013 0Web: http:\/\/www.ihk-koeln.de Registerf\u00fchrende gemeinsame Stelle Deutscher Industrie- und Handelskammertag (DIHK) e.V.Breite Stra\u00dfe 29, 10178 BerlinTel. 030 \/ 20308 &#8211; 0Web: www.vermittlerregister.org bzw. www.vermittlerregister.info Zust\u00e4ndige Schlichtungsstelle Versicherungsombudsmann e.V., Postfach 080632, 10006 BerlinWeb: www.versicherungsombudsmann.deE-Mail: beschwerde@versicherungsombudsmann.de Verg\u00fctung der Versicherungsvermittlung ProService wird durch den Versicherer bei erfolgreicher Versicherungsvermittlung in Form einer Courtage verg\u00fctet. Beteiligungsverh\u00e4ltnisse Unser Unternehmen h\u00e4lt keine direkte oder indirekte Beteiligung von \u00fcber 10% an den Stimmrechten oder am Kapital eines Versicherungsunternehmens. Die Provinzial Holding Aktiengesellschaft h\u00e4lt direkt mehr als 10% der Anteile der ProService Versicherungsmakler GmbH. Vorvertragliche Information zur Ber\u00fccksichtigung von Nachhaltigkeitsrisiken im Beratungsprozess (Art. 6 TVO) Bei der Beratung zu Finanzprodukten werden Nachhaltigkeitsrisiken f\u00fcr nicht relevant erachtet, da davon ausgegangen wird, dass diese bereits durch die Anbieter ber\u00fccksichtigt und in deren vorvertraglichen Informationen dargelegt werden. Sollte dies nicht der Fall sein, wird hierzu in den vorvertraglichen Informationen des Anbieters eine entsprechende Erl\u00e4uterung erfolgen.<\/p>\n","protected":false},"author":269596230,"featured_media":0,"parent":0,"menu_order":0,"comment_status":"closed","ping_status":"closed","template":"","meta":{"_crdt_document":"","footnotes":""},"class_list":["post-918","page","type-page","status-publish","hentry"],"_links":{"self":[{"href":"https:\/\/test.proservicekoeln.de\/index.php?rest_route=\/wp\/v2\/pages\/918","targetHints":{"allow":["GET"]}}],"collection":[{"href":"https:\/\/test.proservicekoeln.de\/index.php?rest_route=\/wp\/v2\/pages"}],"about":[{"href":"https:\/\/test.proservicekoeln.de\/index.php?rest_route=\/wp\/v2\/types\/page"}],"author":[{"embeddable":true,"href":"https:\/\/test.proservicekoeln.de\/index.php?rest_route=\/wp\/v2\/users\/269596230"}],"replies":[{"embeddable":true,"href":"https:\/\/test.proservicekoeln.de\/index.php?rest_route=%2Fwp%2Fv2%2Fcomments&post=918"}],"version-history":[{"count":11,"href":"https:\/\/test.proservicekoeln.de\/index.php?rest_route=\/wp\/v2\/pages\/918\/revisions"}],"predecessor-version":[{"id":1144,"href":"https:\/\/test.proservicekoeln.de\/index.php?rest_route=\/wp\/v2\/pages\/918\/revisions\/1144"}],"wp:attachment":[{"href":"https:\/\/test.proservicekoeln.de\/index.php?rest_route=%2Fwp%2Fv2%2Fmedia&parent=918"}],"curies":[{"name":"wp","href":"https:\/\/api.w.org\/{rel}","templated":true}]}}